{"id":351,"date":"2021-03-19T10:07:13","date_gmt":"2021-03-19T10:07:13","guid":{"rendered":"https:\/\/mireya-demo.bslthemes.com\/?page_id=351"},"modified":"2023-10-23T13:29:50","modified_gmt":"2023-10-23T11:29:50","slug":"contact","status":"publish","type":"page","link":"https:\/\/dyominterieurs.co\/?page_id=351","title":{"rendered":"Contact"},"content":{"rendered":"\t\t<div data-elementor-type=\"wp-page\" data-elementor-id=\"351\" class=\"elementor elementor-351\">\n\t\t\t\t\t\t\t\t\t<section class=\"elementor-section elementor-top-section elementor-element elementor-element-9dd85e6 elementor-section-full_width elementor-section-height-default elementor-section-height-default\" data-id=\"9dd85e6\" data-element_type=\"section\">\n\t\t\t\t\t\t<div class=\"elementor-container elementor-column-gap-no\">\n\t\t\t\t\t<div class=\"elementor-column elementor-col-100 elementor-top-column elementor-element elementor-element-8ff6823\" data-id=\"8ff6823\" data-element_type=\"column\">\n\t\t\t<div class=\"elementor-widget-wrap elementor-element-populated\">\n\t\t\t\t\t\t\t\t<div class=\"elementor-element elementor-element-e17a47e elementor-widget elementor-widget-mireya-started\" data-id=\"e17a47e\" data-element_type=\"widget\" data-widget_type=\"mireya-started.default\">\n\t\t\t\t<div class=\"elementor-widget-container\">\n\t\t\t\n\t\t\t\t<div class=\"mry-head-bg\">\n\t\t\t<img decoding=\"async\" src=\"https:\/\/dyominterieurs.co\/wp-content\/uploads\/2021\/03\/p-6-1.jpg\" alt=\"\">\n\t\t\t<div class=\"mry-bg-overlay\"><\/div>\n\t\t<\/div>\n\t\t\n\t\t<div class=\"mry-banner mry-p-140-0 mry-p-0-100\">\n\t\t\t<div class=\"container\">\n\t\t\t\t<div class=\"mry-main-title mry-title-center\">\n\t\t\t\t\t\t\t\t\t\t<div class=\"mry-subtitle mry-mb-20 mry-fo\">\n\t\t\t\t\t\t<span >\n\t\t\t          \t\tCONTACT\t\t\t          \t<\/span>\n\t\t\t\t\t<\/div>\n\t\t\t\t\t\t\t\t\t\t\t\t\t\t\t<h1 class=\"mry-mb-20 mry-fo mry-title--h\">\n\t\t\t\t\t\t<span >\n\t\t\t          \t\tAvez-vous des questions?\t\t\t          \t<\/span><br>\n\t\t\t\t\t\t<span class=\"mry-border-text\">\n\t\t\t\t\t\t\t<span >\n\t\t\t\t          \t\t\u00c9crivez-nous un message.\t\t\t\t          \t<\/span>\n\t\t\t\t\t\t<\/span>\n\t\t\t\t\t\t<span class=\"mry-animation-el\"><\/span>\n\t\t\t\t\t<\/h1>\n\t\t\t\t\t\t\t\t\t\t\t\t\t\t\t<div class=\"mry-text mry-fo\">\n\t\t\t\t\t\t<span >\n\t\t\t          \t\tNous cr\u00e9ons des solutions personnalis\u00e9es pour r\u00e9pondre \u00e0 vos besoins sp\u00e9cifiques <br> en mati\u00e8re de finitions et d'am\u00e9nagement vie.\t\t\t          \t<\/span>\n\t\t\t\t\t<\/div>\n\t\t\t\t\t\t\t\t\t\t\t\t\t\t\t<div class=\"mry-scroll-hint-frame\">\n\t\t\t\t\t\t<a class=\"mry-scroll-hint mry-smooth-scroll mry-magnetic-link mry-fo\" href=\"#mry-anchor\">\n\t\t\t\t\t\t\t<span class=\"mry-magnetic-object\"><\/span>\n\t\t\t\t\t\t<\/a>\n\t\t\t\t\t\t<div class=\"mry-label mry-fo\">\n\t\t\t\t\t\t\t<span >\n\t\t\t\t          \t\td\u00e9filer vers le bas\t\t\t\t          \t<\/span>\n\t\t\t\t\t\t<\/div>\n\t\t\t\t\t<\/div>\n\t\t\t\t\t\t\t\t\t<\/div>\n\t\t\t<\/div>\n\t\t<\/div>\n\n\t\t\t\t<\/div>\n\t\t\t\t<\/div>\n\t\t\t\t\t<\/div>\n\t\t<\/div>\n\t\t\t\t\t\t\t<\/div>\n\t\t<\/section>\n\t\t\t\t<section class=\"elementor-section elementor-top-section elementor-element elementor-element-6a460f6 elementor-section-full_width elementor-section-height-default elementor-section-height-default\" data-id=\"6a460f6\" data-element_type=\"section\">\n\t\t\t\t\t\t<div class=\"elementor-container elementor-column-gap-no\">\n\t\t\t\t\t<div class=\"elementor-column elementor-col-100 elementor-top-column elementor-element elementor-element-a344c4e\" data-id=\"a344c4e\" data-element_type=\"column\">\n\t\t\t<div class=\"elementor-widget-wrap elementor-element-populated\">\n\t\t\t\t\t\t\t\t<div class=\"elementor-element elementor-element-4f3dcc5 elementor-widget elementor-widget-mireya-contact-info\" data-id=\"4f3dcc5\" data-element_type=\"widget\" data-widget_type=\"mireya-contact-info.default\">\n\t\t\t\t<div class=\"elementor-widget-container\">\n\t\t\t\n\t\t<div class=\"container\">\n\t\t\t<div class=\"row justify-content-center\">\n\t\t\t\t<div class=\"col-lg-8\">\n\t\t\t\t\t\t\t\t\t\t<div class=\"row\">\n\t\t\t\t\t\t\t\t\t\t\t\t<div class=\"col-lg-6\">\n\n\t\t\t\t\t\t\t<div class=\"mry-mb-100 mry-text-center mry-contact-item\">\n\t\t\t\t\t\t\t\t\t\t\t\t\t\t\t\t<div class=\"mry-numbering mry-fo\">\n\t\t\t\t\t\t\t\t\t\t\t\t\t\t\t\t\t\t<div class=\"mry-border-text\">\n\t\t\t\t\t\t\t\t\t\t<span >\n\t\t\t\t        \t\t\t\t\t01\t\t\t\t        \t\t\t\t<\/span>\n\t\t\t\t\t\t\t\t\t<\/div>\n\t\t\t\t\t\t\t\t\t\t\t\t\t\t\t\t\t\t\t\t\t\t\t\t\t\t\t<div class=\"mry-subtitle\">\n\t\t\t\t\t\t\t\t\t\t<span >\n\t\t\t\t        \t\t\t\t\tAdresse\t\t\t\t        \t\t\t\t<\/span>\n\t\t\t\t\t\t\t\t\t<\/div>\n\t\t\t\t\t\t\t\t\t\t\t\t\t\t\t\t\t<\/div>\n\t\t\t\t\t\t\t\t\t\t\t\t\t\t\t\t\t\t\t\t\t\t\t\t<div class=\"mry-fade-object mry-mb-100\">\n\t\t\t\t\t\t\t\t\t\t\t\t\t\t\t\t\t\t<h4 class=\"mry-mb-20 mry-fo\">\n\t\t\t\t\t\t\t\t\t\t<span >\n\t\t\t\t        \t\t\t\t\tRendez nous visite\t\t\t\t        \t\t\t\t<\/span>\n\t\t\t\t\t\t\t\t\t<\/h4>\n\t\t\t\t\t\t\t\t\t\t\t\t\t\t\t\t\t\t\t\t\t\t\t\t\t\t\t<div class=\"mry-text mry-mb-20 mry-fo\">\n\t\t\t\t\t\t\t\t\t\t<div >\n\t\t\t\t        \t\t\t\t\t<p>Avenue Kwame Nkrumah, Ouagadougou,<br \/>Burkina Faso.<\/p>\t\t\t\t        \t\t\t\t<\/div>\n\t\t\t\t\t\t\t\t\t<\/div>\n\t\t\t\t\t\t\t\t\t\t\t\t\t\t\t\t\t<\/div>\n\t\t\t\t\t\t\t\t\t\t\t\t\t\t\t<\/div>\n\n\t\t\t\t\t\t<\/div>\n\t\t\t\t\t\t\t\t\t\t\t\t<div class=\"col-lg-6\">\n\n\t\t\t\t\t\t\t<div class=\"mry-mb-100 mry-text-center mry-contact-item\">\n\t\t\t\t\t\t\t\t\t\t\t\t\t\t\t\t<div class=\"mry-numbering mry-fo\">\n\t\t\t\t\t\t\t\t\t\t\t\t\t\t\t\t\t\t<div class=\"mry-border-text\">\n\t\t\t\t\t\t\t\t\t\t<span >\n\t\t\t\t        \t\t\t\t\t02\t\t\t\t        \t\t\t\t<\/span>\n\t\t\t\t\t\t\t\t\t<\/div>\n\t\t\t\t\t\t\t\t\t\t\t\t\t\t\t\t\t\t\t\t\t\t\t\t\t\t\t<div class=\"mry-subtitle\">\n\t\t\t\t\t\t\t\t\t\t<span >\n\t\t\t\t        \t\t\t\t\tContact\t\t\t\t        \t\t\t\t<\/span>\n\t\t\t\t\t\t\t\t\t<\/div>\n\t\t\t\t\t\t\t\t\t\t\t\t\t\t\t\t\t<\/div>\n\t\t\t\t\t\t\t\t\t\t\t\t\t\t\t\t\t\t\t\t\t\t\t\t<div class=\"mry-fade-object mry-mb-100\">\n\t\t\t\t\t\t\t\t\t\t\t\t\t\t\t\t\t\t<h4 class=\"mry-mb-20 mry-fo\">\n\t\t\t\t\t\t\t\t\t\t<span >\n\t\t\t\t        \t\t\t\t\tNous pouvons discuter\t\t\t\t        \t\t\t\t<\/span>\n\t\t\t\t\t\t\t\t\t<\/h4>\n\t\t\t\t\t\t\t\t\t\t\t\t\t\t\t\t\t\t\t\t\t\t\t\t\t\t\t<div class=\"mry-text mry-mb-20 mry-fo\">\n\t\t\t\t\t\t\t\t\t\t<div >\n\t\t\t\t        \t\t\t\t\t<p>Email: dyominterieurs@outlook.com<br \/>Telephone: +226 06 92 15 95<\/p>\t\t\t\t        \t\t\t\t<\/div>\n\t\t\t\t\t\t\t\t\t<\/div>\n\t\t\t\t\t\t\t\t\t\t\t\t\t\t\t\t\t<\/div>\n\t\t\t\t\t\t\t\t\t\t\t\t\t\t\t<\/div>\n\n\t\t\t\t\t\t<\/div>\n\t\t\t\t\t\t\t\t\t\t\t<\/div>\n\t\t\t\t\t\t\t\t\t<\/div>\n\t\t\t<\/div>\n\t\t<\/div>\n\n\t\t\t\t<\/div>\n\t\t\t\t<\/div>\n\t\t\t\t\t<\/div>\n\t\t<\/div>\n\t\t\t\t\t\t\t<\/div>\n\t\t<\/section>\n\t\t\t\t<section class=\"elementor-section elementor-top-section elementor-element elementor-element-5b68a50 elementor-section-full_width elementor-section-height-default elementor-section-height-default\" data-id=\"5b68a50\" data-element_type=\"section\">\n\t\t\t\t\t\t<div class=\"elementor-container elementor-column-gap-no\">\n\t\t\t\t\t<div class=\"elementor-column elementor-col-100 elementor-top-column elementor-element elementor-element-95f4308\" data-id=\"95f4308\" data-element_type=\"column\">\n\t\t\t<div class=\"elementor-widget-wrap elementor-element-populated\">\n\t\t\t\t\t\t\t\t<div class=\"elementor-element elementor-element-068ebdd elementor-widget elementor-widget-mireya-contact-form\" data-id=\"068ebdd\" data-element_type=\"widget\" data-widget_type=\"mireya-contact-form.default\">\n\t\t\t\t<div class=\"elementor-widget-container\">\n\t\t\t\n\t\t<div class=\"container\">\n\t\t\t<div class=\"row justify-content-center\">\n\t\t\t\t\t\t\t\t<div class=\"col-lg-12\">\n\t\t\t\t\t<div class=\"mry-main-title mry-title-center mry-p-0-40\">\n\t\t\t\t\t\t\t\t\t\t\t\t<div class=\"mry-numbering mry-fo\">\n\t\t\t\t\t\t\t\t\t\t\t\t\t\t<div class=\"mry-border-text\">\n\t\t\t\t\t\t\t\t<span >\n\t\t\t\t\t          \t\t03\t\t\t\t\t         \t<\/span>\n\t\t\t\t\t\t\t<\/div>\n\t\t\t\t\t\t\t\t\t\t\t\t\t\t\t\t\t\t\t\t\t<div class=\"mry-subtitle\">\n\t\t\t\t\t\t\t\t<span >\n\t\t\t\t\t          \t\t formulaire de  Contact\t\t\t\t\t         \t<\/span>\n\t\t\t\t\t\t\t<\/div>\n\t\t\t\t\t\t\t\t\t\t\t\t\t<\/div>\n\t\t\t\t\t\t\t\t\t\t\t\t\t\t\t\t\t\t<h2 class=\"mry-fo mry-title--h\">\n\t\t\t\t\t\t\t<span >\n\t\t\t\t          \t\tEcrivez-nous un message\t\t\t\t         \t<\/span>\n\t\t\t\t\t\t<\/h2>\n\t\t\t\t\t\t\t\t\t\t\t<\/div>\n\t\t\t\t<\/div>\n\t\t\t\t\t\t\t\t\t\t\t\t<div class=\"col-lg-8 mry-mb-100\">\n\t\t\t\t\t\n<div class=\"wpcf7 no-js\" id=\"wpcf7-f1777-o1\" lang=\"fr-FR\" dir=\"ltr\">\n<div class=\"screen-reader-response\"><p role=\"status\" aria-live=\"polite\" aria-atomic=\"true\"><\/p> <ul><\/ul><\/div>\n<form action=\"\/index.php?rest_route=%2Fwp%2Fv2%2Fpages%2F351#wpcf7-f1777-o1\" method=\"post\" class=\"wpcf7-form init\" aria-label=\"Formulaire de contact\" novalidate=\"novalidate\" data-status=\"init\">\n<div style=\"display: none;\">\n<input type=\"hidden\" name=\"_wpcf7\" value=\"1777\" \/>\n<input type=\"hidden\" name=\"_wpcf7_version\" value=\"5.7.7\" \/>\n<input type=\"hidden\" name=\"_wpcf7_locale\" value=\"fr_FR\" \/>\n<input type=\"hidden\" name=\"_wpcf7_unit_tag\" value=\"wpcf7-f1777-o1\" \/>\n<input type=\"hidden\" name=\"_wpcf7_container_post\" value=\"0\" \/>\n<input type=\"hidden\" name=\"_wpcf7_posted_data_hash\" value=\"\" \/>\n<\/div>\n<div class=\"mry-form\">\n    <div class=\"row\">\n        <div class=\"col-lg-6\">\n            <label for=\"firstName\" class=\"mry-label mry-fo\">Pr\u00e9noms<\/label>\n            <div class=\"mry-fo\">\n                <input type=\"text\" id=\"firstName\" name=\"your-firstname\" class=\"mry-default-link\" placeholder=\"Aly\">\n            <\/div>\n        <\/div>\n        <div class=\"col-lg-6\">\n            <label for=\"lastName\" class=\"mry-label mry-fo\">Nom<\/label>\n            <div class=\"mry-fo\">\n                <input type=\"text\" id=\"lastName\" name=\"your-lastname\" class=\"mry-default-link\" placeholder=\"Kabor\u00e9\">\n            <\/div>\n        <\/div>\n    <\/div>\n\n    <div class=\"row\">\n        <div class=\"col-lg-6\">\n            <label for=\"email\" class=\"mry-label mry-fo\">Email<\/label>\n            <div class=\"mry-fo\">\n                <input type=\"email\" id=\"email\" name=\"your-email\" class=\"mry-default-link\" placeholder=\"entrer.votre.email@ici\">\n            <\/div>\n        <\/div>\n        <div class=\"col-lg-6\">\n            <label for=\"phone\" class=\"mry-label mry-fo\">T\u00e9l\u00e9phone<\/label>\n            <div class=\"mry-fo\">\n                <input type=\"tel\" id=\"phone\" name=\"your-tel\" class=\"mry-default-link\" placeholder=\"+226 000 00 00\">\n            <\/div>\n        <\/div>\n    <\/div>\n\n    <div class=\"mry-fade-object\">\n        <label for=\"message\" class=\"mry-label mry-fo\">Votre message<\/label>\n        <div class=\"mry-fo\">\n            <textarea id=\"message\" name=\"your-message\" class=\"mry-default-link\" placeholder=\"\u00e9crivez votre message ici\"><\/textarea>\n        <\/div>\n    <\/div>\n    <div class=\"row align-items-center\">\n        <div class=\"col-lg-4\">\n            <div class=\"mry-fo\">\n                <button type=\"submit\" class=\"mry-btn mry-default-link\">Envoyez<\/button>\n            <\/div>\n        <\/div>\n        <div class=\"col-lg-8\">\n            <p class=\"mry-text mry-simple-text mry-contact-hint mry-fo\">\n                <span class=\"mry-color-text\">*<\/span> Nous nous engageons \u00e0 ne pas partager vos informations personnelles avec des tiers.\n            <\/p>\n        <\/div>\n    <\/div>\n<\/div><div class=\"wpcf7-response-output\" aria-hidden=\"true\"><\/div>\n<\/form>\n<\/div>\n\t\t\t\t<\/div>\n\t\t\t\t\t\t\t<\/div>\n\t\t<\/div>\n\n\t\t\t\t<\/div>\n\t\t\t\t<\/div>\n\t\t\t\t\t<\/div>\n\t\t<\/div>\n\t\t\t\t\t\t\t<\/div>\n\t\t<\/section>\n\t\t\t\t\t\t\t<\/div>\n\t\t","protected":false},"excerpt":{"rendered":"<p>CONTACT Avez-vous des questions? \u00c9crivez-nous un message. Nous cr\u00e9ons des solutions personnalis\u00e9es pour r\u00e9pondre \u00e0 vos besoins sp\u00e9cifiques en mati\u00e8re&#8230; <span class=\"mry-el-more mry-fo\"><a href=\"https:\/\/dyominterieurs.co\/?page_id=351\" class=\"mry-link mry-default-link\">Read more<\/a><\/span><\/p>\n","protected":false},"author":1,"featured_media":0,"parent":0,"menu_order":0,"comment_status":"closed","ping_status":"closed","template":"template-layout-builder.php","meta":{"om_disable_all_campaigns":false,"_mi_skip_tracking":false,"_monsterinsights_sitenote_active":false,"_monsterinsights_sitenote_note":"","_monsterinsights_sitenote_category":0},"acf":[],"aioseo_notices":[],"_links":{"self":[{"href":"https:\/\/dyominterieurs.co\/index.php?rest_route=\/wp\/v2\/pages\/351"}],"collection":[{"href":"https:\/\/dyominterieurs.co\/index.php?rest_route=\/wp\/v2\/pages"}],"about":[{"href":"https:\/\/dyominterieurs.co\/index.php?rest_route=\/wp\/v2\/types\/page"}],"author":[{"embeddable":true,"href":"https:\/\/dyominterieurs.co\/index.php?rest_route=\/wp\/v2\/users\/1"}],"replies":[{"embeddable":true,"href":"https:\/\/dyominterieurs.co\/index.php?rest_route=%2Fwp%2Fv2%2Fcomments&post=351"}],"version-history":[{"count":67,"href":"https:\/\/dyominterieurs.co\/index.php?rest_route=\/wp\/v2\/pages\/351\/revisions"}],"predecessor-version":[{"id":1800,"href":"https:\/\/dyominterieurs.co\/index.php?rest_route=\/wp\/v2\/pages\/351\/revisions\/1800"}],"wp:attachment":[{"href":"https:\/\/dyominterieurs.co\/index.php?rest_route=%2Fwp%2Fv2%2Fmedia&parent=351"}],"curies":[{"name":"wp","href":"https:\/\/api.w.org\/{rel}","templated":true}]}}