{"id":26,"date":"2021-03-11T17:54:28","date_gmt":"2021-03-11T17:54:28","guid":{"rendered":"https:\/\/mireya-demo.bslthemes.com\/?page_id=26"},"modified":"2023-07-18T21:18:15","modified_gmt":"2023-07-18T19:18:15","slug":"about","status":"publish","type":"page","link":"https:\/\/dyominterieurs.co\/?page_id=26","title":{"rendered":"About"},"content":{"rendered":"\t\t<div data-elementor-type=\"wp-page\" data-elementor-id=\"26\" class=\"elementor elementor-26\">\n\t\t\t\t\t\t\t\t\t<section class=\"elementor-section elementor-top-section elementor-element elementor-element-1f8f5a5 elementor-section-full_width elementor-section-height-default elementor-section-height-default\" data-id=\"1f8f5a5\" data-element_type=\"section\">\n\t\t\t\t\t\t<div class=\"elementor-container elementor-column-gap-no\">\n\t\t\t\t\t<div class=\"elementor-column elementor-col-100 elementor-top-column elementor-element elementor-element-b0a54ee\" data-id=\"b0a54ee\" data-element_type=\"column\">\n\t\t\t<div class=\"elementor-widget-wrap elementor-element-populated\">\n\t\t\t\t\t\t\t\t<div class=\"elementor-element elementor-element-4036ea3 elementor-widget elementor-widget-mireya-started\" data-id=\"4036ea3\" data-element_type=\"widget\" data-widget_type=\"mireya-started.default\">\n\t\t\t\t<div class=\"elementor-widget-container\">\n\t\t\t\n\t\t\t\t<div class=\"mry-head-bg\">\n\t\t\t<img decoding=\"async\" src=\"https:\/\/dyominterieurs.co\/wp-content\/uploads\/2021\/03\/p-7-1.jpg\" alt=\"\">\n\t\t\t<div class=\"mry-bg-overlay\"><\/div>\n\t\t<\/div>\n\t\t\n\t\t<div class=\"mry-banner mry-p-140-0 mry-p-0-100\">\n\t\t\t<div class=\"container\">\n\t\t\t\t<div class=\"mry-main-title mry-title-center\">\n\t\t\t\t\t\t\t\t\t\t<div class=\"mry-subtitle mry-mb-20 mry-fo\">\n\t\t\t\t\t\t<span >\n\t\t\t          \t\ta propos\t\t\t          \t<\/span>\n\t\t\t\t\t<\/div>\n\t\t\t\t\t\t\t\t\t\t\t\t\t\t\t<h1 class=\"mry-mb-20 mry-fo mry-title--h\">\n\t\t\t\t\t\t<span >\n\t\t\t          \t\tDes designs minimalistes\t\t\t          \t<\/span><br>\n\t\t\t\t\t\t<span class=\"mry-border-text\">\n\t\t\t\t\t\t\t<span >\n\t\t\t\t          \t\taux concepts audacieux.\t\t\t\t          \t<\/span>\n\t\t\t\t\t\t<\/span>\n\t\t\t\t\t\t<span class=\"mry-animation-el\"><\/span>\n\t\t\t\t\t<\/h1>\n\t\t\t\t\t\t\t\t\t\t\t\t\t\t\t\t\t\t\t\t<div class=\"mry-scroll-hint-frame\">\n\t\t\t\t\t\t<a class=\"mry-scroll-hint mry-smooth-scroll mry-magnetic-link mry-fo\" href=\"#mry-anchor\">\n\t\t\t\t\t\t\t<span class=\"mry-magnetic-object\"><\/span>\n\t\t\t\t\t\t<\/a>\n\t\t\t\t\t\t<div class=\"mry-label mry-fo\">\n\t\t\t\t\t\t\t<span >\n\t\t\t\t          \t\tD\u00e9filer vers le bas\t\t\t\t          \t<\/span>\n\t\t\t\t\t\t<\/div>\n\t\t\t\t\t<\/div>\n\t\t\t\t\t\t\t\t\t<\/div>\n\t\t\t<\/div>\n\t\t<\/div>\n\n\t\t\t\t<\/div>\n\t\t\t\t<\/div>\n\t\t\t\t\t<\/div>\n\t\t<\/div>\n\t\t\t\t\t\t\t<\/div>\n\t\t<\/section>\n\t\t\t\t<section class=\"elementor-section elementor-top-section elementor-element elementor-element-d346e1d elementor-section-full_width elementor-section-height-default elementor-section-height-default\" data-id=\"d346e1d\" data-element_type=\"section\">\n\t\t\t\t\t\t<div class=\"elementor-container elementor-column-gap-no\">\n\t\t\t\t\t<div class=\"elementor-column elementor-col-100 elementor-top-column elementor-element elementor-element-f8c66a4\" data-id=\"f8c66a4\" data-element_type=\"column\">\n\t\t\t<div class=\"elementor-widget-wrap elementor-element-populated\">\n\t\t\t\t\t\t\t\t<div class=\"elementor-element elementor-element-691e488 elementor-widget elementor-widget-mireya-section-description\" data-id=\"691e488\" data-element_type=\"widget\" data-widget_type=\"mireya-section-description.default\">\n\t\t\t\t<div class=\"elementor-widget-container\">\n\t\t\t\n\t\t<div class=\"mry-about mry-about-text\">\n\t\t\t<div class=\"container\">\n\t\t\t\t<div class=\"row justify-content-center\">\n\t\t\t\t\t<div class=\"col-lg-8\">\n\n\t\t\t\t\t\t<div class=\"mry-mb-100\">\n\t\t\t\t\t\t\t\t\t\t\t\t\t\t<div class=\"mry-numbering mry-fo\">\n\t\t\t\t\t\t\t\t\t\t\t\t\t\t\t\t<div class=\"mry-border-text\">\n\t\t\t\t\t\t\t\t\t<span >\n\t\t\t\t\t          \t\t\t01\t\t\t\t\t         \t\t<\/span>\n\t\t\t\t\t\t\t\t<\/div>\n\t\t\t\t\t\t\t\t\t\t\t\t\t\t\t\t\t\t\t\t\t\t\t\t<div class=\"mry-subtitle\">\n\t\t\t\t\t\t\t\t\t<span >\n\t\t\t\t\t          \t\t\tqui sommes-nous?\t\t\t\t\t         \t\t<\/span>\n\t\t\t\t\t\t\t\t<\/div>\n\t\t\t\t\t\t\t\t\t\t\t\t\t\t\t<\/div>\n\t\t\t\t\t\t\t\t\t\t\t\t\t\t\t\t\t\t\t\t\t<h3 class=\"mry-mb-40 mry-fo mry-title--h\">\n\t\t\t\t\t\t\t\t<span >\n\t\t\t\t          \t\t\tUn studio de design sp\u00e9cialis\u00e9 dans la cr\u00e9ation d'espaces m\u00e9morables .\t\t\t\t         \t\t<\/span>\n\t\t\t\t\t\t\t<\/h3>\n\t\t\t\t\t\t\t\t\t\t\t\t\t\t\t\t\t\t\t\t\t<div class=\"mry-text mry-fo\">\n\t\t\t\t\t\t\t\t<div >\n\t\t\t\t          \t\t\t<p><strong>DYOM INTERIEUR<\/strong> est un studio de design sp\u00e9cialis\u00e9 dans la cr\u00e9ation d'espaces de vie dans lesquels s'incarne le confort et l\u2019hospitalit\u00e9.<\/p><p><br \/>Nous sommes\u00a0 n\u00e9s de la n\u00e9cessit\u00e9 de donner des solutions \u00e0 un publique qui veut que son espace refl\u00e8te un style de vie pens\u00e9 et moins encombr\u00e9.<\/p><p><br \/>Chez <strong>DYOM INTERIEUR<\/strong> nous travaillons en etroite collaboration avec nos clients pour comprendre leurs besoins, leur styles personnel et leur budget afin de cr\u00e9er des espaces uniques et personnalis\u00e9s.<\/p>\t\t\t\t         \t\t<\/div>\n\t\t\t\t\t\t\t<\/div>\n\t\t\t\t\t\t\t\t\t\t\t\t\t<\/div>\n\n\t\t\t\t\t<\/div>\n\t\t\t\t<\/div>\n\t\t\t<\/div>\n\t\t<\/div>\n\n\t\t\t\t<\/div>\n\t\t\t\t<\/div>\n\t\t\t\t\t<\/div>\n\t\t<\/div>\n\t\t\t\t\t\t\t<\/div>\n\t\t<\/section>\n\t\t\t\t<section class=\"elementor-section elementor-top-section elementor-element elementor-element-993f4e5 elementor-section-full_width elementor-section-height-default elementor-section-height-default\" data-id=\"993f4e5\" data-element_type=\"section\">\n\t\t\t\t\t\t<div class=\"elementor-container elementor-column-gap-no\">\n\t\t\t\t\t<div class=\"elementor-column elementor-col-100 elementor-top-column elementor-element elementor-element-d8e9f0a\" data-id=\"d8e9f0a\" data-element_type=\"column\">\n\t\t\t<div class=\"elementor-widget-wrap elementor-element-populated\">\n\t\t\t\t\t\t\t\t<div class=\"elementor-element elementor-element-f9ec037 elementor-widget elementor-widget-mireya-section-description\" data-id=\"f9ec037\" data-element_type=\"widget\" data-widget_type=\"mireya-section-description.default\">\n\t\t\t\t<div class=\"elementor-widget-container\">\n\t\t\t\n\t\t<div class=\"mry-about mry-about-text\">\n\t\t\t<div class=\"container\">\n\t\t\t\t<div class=\"row justify-content-center\">\n\t\t\t\t\t<div class=\"col-lg-8\">\n\n\t\t\t\t\t\t<div class=\"mry-mb-100\">\n\t\t\t\t\t\t\t\t\t\t\t\t\t\t<div class=\"mry-numbering mry-fo\">\n\t\t\t\t\t\t\t\t\t\t\t\t\t\t\t\t<div class=\"mry-border-text\">\n\t\t\t\t\t\t\t\t\t<span >\n\t\t\t\t\t          \t\t\t02\t\t\t\t\t         \t\t<\/span>\n\t\t\t\t\t\t\t\t<\/div>\n\t\t\t\t\t\t\t\t\t\t\t\t\t\t\t\t\t\t\t\t\t\t\t\t<div class=\"mry-subtitle\">\n\t\t\t\t\t\t\t\t\t<span >\n\t\t\t\t\t          \t\t\tce que nous faisons \t\t\t\t\t         \t\t<\/span>\n\t\t\t\t\t\t\t\t<\/div>\n\t\t\t\t\t\t\t\t\t\t\t\t\t\t\t<\/div>\n\t\t\t\t\t\t\t\t\t\t\t\t\t\t\t\t\t\t\t\t\t<h3 class=\"mry-mb-40 mry-fo mry-title--h\">\n\t\t\t\t\t\t\t\t<span >\n\t\t\t\t          \t\t\tCr\u00e9er un environnement qui repond \u00e0 toutes vos attentes. <br>\t\t\t\t         \t\t<\/span>\n\t\t\t\t\t\t\t<\/h3>\n\t\t\t\t\t\t\t\t\t\t\t\t\t\t\t\t\t\t\t\t\t<div class=\"mry-text mry-fo\">\n\t\t\t\t\t\t\t\t<div >\n\t\t\t\t          \t\t\t<p>Nous concevons des solutions d'int\u00e9rieur et paysages sur mesure \u00e0 partir de z\u00e9ro.Nous proposons des exp\u00e9riences esth\u00e9tiques ax\u00e9es sur le d\u00e9tail.\u00a0<\/p><p>Passion\u00e9s de l'architecture et de design,nous trouvons satisfaction dans le fait de penser puis de r\u00e9aliser \u00e0 travers des processus soigneusement planifi\u00e9s de A \u00e0 Z.<\/p><p>Nous utilisons une vari\u00e9t\u00e9 de technique de conception pour donner vie \u00e0 vos id\u00e9es, notamment la mod\u00e9lisation en 3D et les planches d'inspirations.<\/p><p>Contactez nous pour une <a href=\"https:\/\/dyominterieurs.co\/?page_id=351\">consultation gratuite <\/a>.<\/p>\t\t\t\t         \t\t<\/div>\n\t\t\t\t\t\t\t<\/div>\n\t\t\t\t\t\t\t\t\t\t\t\t\t<\/div>\n\n\t\t\t\t\t<\/div>\n\t\t\t\t<\/div>\n\t\t\t<\/div>\n\t\t<\/div>\n\n\t\t\t\t<\/div>\n\t\t\t\t<\/div>\n\t\t\t\t\t<\/div>\n\t\t<\/div>\n\t\t\t\t\t\t\t<\/div>\n\t\t<\/section>\n\t\t\t\t<section class=\"elementor-section elementor-top-section elementor-element elementor-element-439ab57 elementor-section-full_width elementor-section-height-default elementor-section-height-default\" data-id=\"439ab57\" data-element_type=\"section\">\n\t\t\t\t\t\t<div class=\"elementor-container elementor-column-gap-no\">\n\t\t\t\t\t<div class=\"elementor-column elementor-col-100 elementor-top-column elementor-element elementor-element-d53f1b7\" data-id=\"d53f1b7\" data-element_type=\"column\">\n\t\t\t<div class=\"elementor-widget-wrap elementor-element-populated\">\n\t\t\t\t\t\t\t\t<div class=\"elementor-element elementor-element-e30b08d elementor-widget elementor-widget-mireya-cta\" data-id=\"e30b08d\" data-element_type=\"widget\" data-widget_type=\"mireya-cta.default\">\n\t\t\t\t<div class=\"elementor-widget-container\">\n\t\t\t\n\t\t<div class=\"mry-about mry-about-cta\">\n\t\t\t<div class=\"container\">\n\t\t\t\t<div class=\"row\">\n\t\t\t\t\t<div class=\"col-lg-12\">\n\t\t\t\t\t\t<div class=\"mry-main-title mry-title-center mry-p-100-100\">\n\t\t\t\t\t\t\t\t\t\t\t\t\t\t<div class=\"mry-subtitle mry-mb-20 mry-fo\">\n\t\t\t\t\t\t\t\t<span >\n\t\t\t\t\t          \t\t projets\t\t\t\t\t        \t<\/span>\n\t\t\t\t\t\t\t<\/div>\n\t\t\t\t\t\t\t\t\t\t\t\t\t\t\t\t\t\t\t\t\t<h2 class=\"mry-h1 mry-mb-20 mry-fo mry-title--h\">\n\t\t\t\t\t\t\t\t\t\t\t\t\t\t\t\t<span >\n\t\t\t\t\t          \t\tD\u00e9couvrez\t\t\t\t\t        \t<\/span>\n\t\t\t\t\t        \t\t\t\t\t\t        \t\t\t\t\t\t\t\t\t<span class=\"mry-border-text\">\n\t\t\t\t\t\t\t\t\t<span >\n\t\t\t\t\t\t          \t\t  nos projets!\t\t\t\t\t\t        \t<\/span>\n\t\t\t\t\t\t\t\t<\/span>\n\t\t\t\t\t\t\t\t\t\t\t\t\t\t\t<\/h2>\n\t\t\t\t\t\t\t\t\t\t\t\t\t\t\t\t\t\t\t\t\t<div class=\"mry-text mry-mb-30 mry-fo\">\n\t\t\t\t\t\t\t\t<div >\n\t\t\t\t\t          \t\t<p>Consultez et d\u00e9couvrez nos autres projets .<\/p>\t\t\t\t\t        \t<\/div>\n\t\t\t\t\t\t\t<\/div>\n\t\t\t\t\t\t\t\n\t\t\t\t\t\t\t\t\t\t\t\t\t\t<div class=\"mry-fo\">\n\t\t\t\t\t\t\t\t\t\t\t\t\t\t\t\t\t\t\t\t\t\t\t\t<a href=\"https:\/\/dyominterieurs.co\/?page_id=260\" class=\"mry-anima-link mry-btn-text mry-default-link\">\n\t\t\t\t\t\t\t\t\t<span >\n\t\t\t\t\t\t          \t\ttous les projets\t\t\t\t\t\t        \t<\/span>\n\t\t\t\t\t\t\t\t<\/a>\n\t\t\t\t\t\t\t\t\t\t\t\t\t\t\t<\/div>\n\t\t\t\t\t\t\t\t\t\t\t\t\t<\/div>\n\t\t\t\t\t<\/div>\n\t\t\t\t<\/div>\n\t\t\t<\/div>\n\t\t<\/div>\n\n\t\t\t\t<\/div>\n\t\t\t\t<\/div>\n\t\t\t\t\t<\/div>\n\t\t<\/div>\n\t\t\t\t\t\t\t<\/div>\n\t\t<\/section>\n\t\t\t\t\t\t\t<\/div>\n\t\t","protected":false},"excerpt":{"rendered":"<p>a propos Des designs minimalistes aux concepts audacieux. D\u00e9filer vers le bas 01 qui sommes-nous? Un studio de design sp\u00e9cialis\u00e9&#8230; <span class=\"mry-el-more mry-fo\"><a href=\"https:\/\/dyominterieurs.co\/?page_id=26\" class=\"mry-link mry-default-link\">Read more<\/a><\/span><\/p>\n","protected":false},"author":1,"featured_media":0,"parent":0,"menu_order":0,"comment_status":"closed","ping_status":"closed","template":"template-layout-builder.php","meta":{"om_disable_all_campaigns":false,"_mi_skip_tracking":false,"_monsterinsights_sitenote_active":false,"_monsterinsights_sitenote_note":"","_monsterinsights_sitenote_category":0},"acf":[],"aioseo_notices":[],"_links":{"self":[{"href":"https:\/\/dyominterieurs.co\/index.php?rest_route=\/wp\/v2\/pages\/26"}],"collection":[{"href":"https:\/\/dyominterieurs.co\/index.php?rest_route=\/wp\/v2\/pages"}],"about":[{"href":"https:\/\/dyominterieurs.co\/index.php?rest_route=\/wp\/v2\/types\/page"}],"author":[{"embeddable":true,"href":"https:\/\/dyominterieurs.co\/index.php?rest_route=\/wp\/v2\/users\/1"}],"replies":[{"embeddable":true,"href":"https:\/\/dyominterieurs.co\/index.php?rest_route=%2Fwp%2Fv2%2Fcomments&post=26"}],"version-history":[{"count":34,"href":"https:\/\/dyominterieurs.co\/index.php?rest_route=\/wp\/v2\/pages\/26\/revisions"}],"predecessor-version":[{"id":1344,"href":"https:\/\/dyominterieurs.co\/index.php?rest_route=\/wp\/v2\/pages\/26\/revisions\/1344"}],"wp:attachment":[{"href":"https:\/\/dyominterieurs.co\/index.php?rest_route=%2Fwp%2Fv2%2Fmedia&parent=26"}],"curies":[{"name":"wp","href":"https:\/\/api.w.org\/{rel}","templated":true}]}}